{"id":118,"date":"2022-04-13T11:39:28","date_gmt":"2022-04-13T11:39:28","guid":{"rendered":"https:\/\/fazamd.pl\/?page_id=118"},"modified":"2025-09-07T18:28:59","modified_gmt":"2025-09-07T18:28:59","slug":"naprawa-tabletow","status":"publish","type":"page","link":"https:\/\/fazamd.pl\/index.php\/naprawa-tabletow\/","title":{"rendered":"Naprawa tablet\u00f3w : z systemem iOS, Microsoft, Android"},"content":{"rendered":"\n<p>W razie ch\u0119ci naprawy w naszym serwisie nale\u017cy:<\/p>\n\n\n\n<p><\/p>\n\n\n\n<div class=\"wp-block-buttons is-layout-flex wp-block-buttons-is-layout-flex\">\n<div class=\"wp-block-button\"><a class=\"wp-block-button__link wp-element-button\" href=\"https:\/\/fazamd.pl\/index.php\/kontakt\/\" target=\"_blank\" rel=\"noreferrer noopener\">Dostarczy\u0107 sprz\u0119t osobi\u015bcie do naszego punktu przyj\u0119\u0107 lub wys\u0142a\u0107 ..<\/a><\/div>\n<\/div>\n\n\n\n<p>Lub<\/p>\n\n\n\n<div class=\"wp-block-buttons is-layout-flex wp-block-buttons-is-layout-flex\">\n<div class=\"wp-block-button\"><a class=\"wp-block-button__link wp-element-button\" href=\"https:\/\/fazamd.pl\/sklep\/uslugi\/553-naprawa-sprzetu-.html\" target=\"_blank\" rel=\"noreferrer noopener\">Zakupi\u0107 us\u0142ug\u0119 naprawy i op\u0142aci\u0107 w naszym sklepie<\/a><\/div>\n<\/div>\n\n\n\n<p><\/p>\n\n\n\n<p><\/p>\n\n\n\n<p>Zapraszamy!<\/p>\n\n\n\n<p><\/p>\n","protected":false},"excerpt":{"rendered":"<p>W razie ch\u0119ci naprawy w naszym serwisie nale\u017cy: Lub Zapraszamy!<\/p>\n","protected":false},"author":1,"featured_media":0,"parent":0,"menu_order":0,"comment_status":"closed","ping_status":"closed","template":"","meta":{"footnotes":""},"class_list":["post-118","page","type-page","status-publish","hentry"],"_links":{"self":[{"href":"https:\/\/fazamd.pl\/index.php\/wp-json\/wp\/v2\/pages\/118","targetHints":{"allow":["GET"]}}],"collection":[{"href":"https:\/\/fazamd.pl\/index.php\/wp-json\/wp\/v2\/pages"}],"about":[{"href":"https:\/\/fazamd.pl\/index.php\/wp-json\/wp\/v2\/types\/page"}],"author":[{"embeddable":true,"href":"https:\/\/fazamd.pl\/index.php\/wp-json\/wp\/v2\/users\/1"}],"replies":[{"embeddable":true,"href":"https:\/\/fazamd.pl\/index.php\/wp-json\/wp\/v2\/comments?post=118"}],"version-history":[{"count":8,"href":"https:\/\/fazamd.pl\/index.php\/wp-json\/wp\/v2\/pages\/118\/revisions"}],"predecessor-version":[{"id":527,"href":"https:\/\/fazamd.pl\/index.php\/wp-json\/wp\/v2\/pages\/118\/revisions\/527"}],"wp:attachment":[{"href":"https:\/\/fazamd.pl\/index.php\/wp-json\/wp\/v2\/media?parent=118"}],"curies":[{"name":"wp","href":"https:\/\/api.w.org\/{rel}","templated":true}]}}