{"id":28,"date":"2022-04-13T09:27:44","date_gmt":"2022-04-13T09:27:44","guid":{"rendered":"https:\/\/fazamd.pl\/?page_id=28"},"modified":"2026-01-10T21:59:22","modified_gmt":"2026-01-10T21:59:22","slug":"czym-sie-zajmujemy","status":"publish","type":"page","link":"https:\/\/fazamd.pl\/","title":{"rendered":"Czym si\u0119 zajmujemy"},"content":{"rendered":"\n<p><strong>Zajmujemy si\u0119 profesjonaln\u0105 napraw\u0105 sprz\u0119t\u00f3w elektronicznych, takie &#8221; Pogotowie komputerowe &#8221; i nie tylko.<\/strong><br><br>Specjalizujemy si\u0119 w naprawach:<br>&#8211; notebook\u00f3w, laptop\u00f3w <br>&#8211; konsol<br>&#8211; pad\u00f3w <br>&#8211; tablet\u00f3w<br>&#8211; kierownic PC<\/p>\n\n\n\n<p><br>Prowadzimy r\u00f3wnie\u017c:<br>&#8211; sprzeda\u017c sprz\u0119tu komputerowego <br>&#8211; sprzeda\u017c, monta\u017c i serwis system\u00f3w alarmowych i kamer<br>&#8211; sprzeda\u017c cz\u0119\u015bci zamiennych w naszym sklepie stacjonarnym i Internetowym. <br><\/p>\n\n\n\n<p><\/p>\n\n\n\n<p><strong>O mnie<\/strong>:<\/p>\n\n\n\n<p>Jako w\u0142a\u015bciciel firmy naprawiaj\u0105cej sprz\u0119t, mog\u0119 powiedzie\u0107, \u017ce urz\u0105dzenia komputerowe i elektroniczne to moja pasja i opiera si\u0119 nie tylko na wiedzy teoretycznej, ale r\u00f3wnie\u017c praktycznej.<\/p>\n\n\n\n<p>Od  2005 roku prowadzimy dzia\u0142alno\u015b\u0107 zwi\u0105zan\u0105 z napraw\u0105 elektroniki, budow\u0105  komputer\u00f3w gamingowych, instalacj\u0105 system\u00f3w CCTV i alarmowych, monta\u017cem uk\u0142ad\u00f3w sterowniczych do automatyki przemys\u0142owej.<\/p>\n\n\n\n<p>M\u00f3j pierwszy PC by\u0142 klasy  386 pracowa\u0142 na MS-DOS &#8211; ale teraz ci\u0119\u017cko go nazwa\u0107 komputerem mo\u017ce kalkulatorem,  chod\u017a \u017ceby co\u015b policzy\u0142 trzeba by\u0142o si\u0119 troszk\u0119 pom\u0119czy\u0107 .<br>M\u00f3j pierwszy komputer nadaj\u0105cy si\u0119 do granie zbudowa\u0142em w 1998 pracowa\u0142 na Intel pentium I a marzeniem by\u0142o Pentium II &#8211; pot\u0119\u017cne urz\u0105dzenie! Tak mocny, \u017ce dzisiejsze smartfony nawet te za 500z\u0142 w markecie przewy\u017cszaj\u0105 go wydajno\u015bci\u0105 i mo\u017cliwo\u015bciami dziesi\u0119ciokrotnie  :). <br><br><strong>To by\u0142a historia a tera\u017aniejszo\u015b\u0107 <\/strong><\/p>\n\n\n\n<p>Nadal jestem aktywnym graczem, kt\u00f3ry wie co potrzebujemy do grania, jaki sprz\u0119t jest najlepszy. <br>W spo\u0142ecze\u0144stwie OnLine m\u00f3j nick to &#8222;FazaMD&#8221;. Wi\u0119kszo\u015b\u0107 gier przetestowa\u0142em osobi\u015bcie. Znam ich wymagania i zapotrzebowania na sprz\u0119t.<\/p>\n\n\n\n<p><br><strong>Naprawa sprz\u0119tu  simracingowego to nie tylko \u017ar\u00f3d\u0142o dochod\u00f3w &#8211; to przy okazji. To moja pasja ! <\/strong><br><br>Od wielu lat nie tylko naprawiam sprz\u0119t gamingowy ale r\u00f3wnie\u017c jestem aktywny w \u201esimracingu\u201d.<br>Widoczny w sieci r\u00f3wnie\u017c \u201eFazaMD\u201d (AC, ACC, ACE, Dirt, RaceRoom, iRacing i inne)<br><br>Jako u\u017cytkownik przetestowa\u0142em wiele urz\u0105dze\u0144 simracingowych , wi\u0119kszo\u015bci firm na rynku, dost\u0119pnych od wielu lat.<br><br>Na czym je\u017adzi\u0142em przez d\u0142ugie godziny, chronologicznie :<br>Logitech DF GT, G25, 27, 29, Thrustmaster T500, T300, TS-PC, Fanatec CSL DD QR1 (8 Nm), a obecnie <br>ClubSport DD+.<br><br>Oczywi\u015bcie testowa\u0142em r\u00f3wnie\u017c inne sprz\u0119ty (moza, cammus. itd) ale to na zasadzie test\u00f3w i kilkugodzinnych przeja\u017cd\u017cek<br><br>Obecnie nasze stanowisko simracingowe wygl\u0105da tak:<\/p>\n\n\n\n<figure class=\"wp-block-image\"><img loading=\"lazy\" decoding=\"async\" width=\"1024\" height=\"819\" src=\"https:\/\/fazamd.pl\/wp-content\/uploads\/2025\/09\/Sim-przyciety-bez-s-1024x819.jpg\" alt=\"\" class=\"wp-image-553\" srcset=\"https:\/\/fazamd.pl\/wp-content\/uploads\/2025\/09\/Sim-przyciety-bez-s-1024x819.jpg 1024w, https:\/\/fazamd.pl\/wp-content\/uploads\/2025\/09\/Sim-przyciety-bez-s-300x240.jpg 300w, https:\/\/fazamd.pl\/wp-content\/uploads\/2025\/09\/Sim-przyciety-bez-s-768x614.jpg 768w, https:\/\/fazamd.pl\/wp-content\/uploads\/2025\/09\/Sim-przyciety-bez-s-1536x1228.jpg 1536w, https:\/\/fazamd.pl\/wp-content\/uploads\/2025\/09\/Sim-przyciety-bez-s-2048x1638.jpg 2048w\" sizes=\"auto, (max-width: 1024px) 100vw, 1024px\" \/><figcaption class=\"wp-element-caption\">Moje stanowisko SimRIG<\/figcaption><\/figure>\n\n\n\n<p><strong>Teraz ju\u017c si\u0119 znamy<\/strong> <\/p>\n\n\n\n<p>W razie problem\u00f3w ze sprz\u0119tem mam nie tylko wiedz\u0119 teoretyczn\u0105 ale r\u00f3wnie\u017c praktyczn\u0105.<br>Jestem r\u00f3wnie\u017c wstanie zdalnie skonfigurowa\u0107 sprz\u0119t w urz\u0105dzeniach PC.<\/p>\n\n\n\n<p>Zapraszam <\/p>\n\n\n\n<p><\/p>\n\n\n","protected":false},"excerpt":{"rendered":"<p>Zajmujemy si\u0119 profesjonaln\u0105 napraw\u0105 sprz\u0119t\u00f3w elektronicznych, takie &#8221; Pogotowie komputerowe &#8221; i nie tylko. Specjalizujemy si\u0119 w naprawach:&#8211; notebook\u00f3w, laptop\u00f3w &#8211; konsol&#8211; pad\u00f3w &#8211; tablet\u00f3w&#8211; kierownic PC Prowadzimy r\u00f3wnie\u017c:&#8211; sprzeda\u017c sprz\u0119tu komputerowego &#8211; sprzeda\u017c, monta\u017c i serwis system\u00f3w alarmowych i kamer&#8211; sprzeda\u017c cz\u0119\u015bci zamiennych w naszym sklepie stacjonarnym i Internetowym. O mnie: Jako w\u0142a\u015bciciel firmy<\/p>\n<div class=\"more-link\">\n\t\t\t\t <a href=\"https:\/\/fazamd.pl\/\" class=\"btn theme-btn\"><span>Czytaj dalej <\/span><i class=\"icofont-thin-double-right\"><\/i><\/a>\n\t\t\t<\/div>\n","protected":false},"author":1,"featured_media":0,"parent":0,"menu_order":0,"comment_status":"closed","ping_status":"closed","template":"","meta":{"footnotes":""},"class_list":["post-28","page","type-page","status-publish","hentry"],"_links":{"self":[{"href":"https:\/\/fazamd.pl\/index.php\/wp-json\/wp\/v2\/pages\/28","targetHints":{"allow":["GET"]}}],"collection":[{"href":"https:\/\/fazamd.pl\/index.php\/wp-json\/wp\/v2\/pages"}],"about":[{"href":"https:\/\/fazamd.pl\/index.php\/wp-json\/wp\/v2\/types\/page"}],"author":[{"embeddable":true,"href":"https:\/\/fazamd.pl\/index.php\/wp-json\/wp\/v2\/users\/1"}],"replies":[{"embeddable":true,"href":"https:\/\/fazamd.pl\/index.php\/wp-json\/wp\/v2\/comments?post=28"}],"version-history":[{"count":32,"href":"https:\/\/fazamd.pl\/index.php\/wp-json\/wp\/v2\/pages\/28\/revisions"}],"predecessor-version":[{"id":765,"href":"https:\/\/fazamd.pl\/index.php\/wp-json\/wp\/v2\/pages\/28\/revisions\/765"}],"wp:attachment":[{"href":"https:\/\/fazamd.pl\/index.php\/wp-json\/wp\/v2\/media?parent=28"}],"curies":[{"name":"wp","href":"https:\/\/api.w.org\/{rel}","templated":true}]}}