{"id":482,"date":"2025-09-07T17:18:19","date_gmt":"2025-09-07T17:18:19","guid":{"rendered":"https:\/\/fazamd.pl\/?page_id=482"},"modified":"2025-09-07T18:09:59","modified_gmt":"2025-09-07T18:09:59","slug":"diagnoza-usterki","status":"publish","type":"page","link":"https:\/\/fazamd.pl\/index.php\/diagnoza-usterki\/","title":{"rendered":"Diagnoza usterki"},"content":{"rendered":"\n<p>Je\u017celi nie chcesz od razu p\u0142aci\u0107 za napraw\u0119, lub nie jeste\u015b pewny czy warto inwestowa\u0107 w urz\u0105dzenie. Boisz si\u0119 wysokich koszt\u00f3w.<\/p>\n\n\n\n<p>Mo\u017cesz u nas zam\u00f3wi\u0107 us\u0142ug\u0119  diagnozy.<\/p>\n\n\n\n<p>Gwarantuje Ci to wycen\u0119 naprawy a przede wszystkim mo\u017cliwo\u015b\u0107 z niej zrezygnowania.<br>Koszty jakie poniesiesz o wysy\u0142ka towaru oraz wiadomy od razu koszt diagnozy.<\/p>\n\n\n\n<p>W przypadku ch\u0119ci naprawy po wycenie, kwota diagnozy zostaje zaliczona jako op\u0142ata za us\u0142ug\u0119 i j\u0105 cz\u0119\u015bciowo pokrywa a czasem nawet ca\u0142o\u015bciowo. <\/p>\n\n\n\n<p><\/p>\n\n\n\n<p>Mamy du\u017ce do\u015bwiadczenie w zakresie napraw sprz\u0119tu komputerowego i elektronicznego. Usterki zwi\u0105zane z niedzia\u0142aj\u0105cym sprz\u0119tem nie zawsze oznaczaj\u0105, \u017ce od razu trzeba wymienia\u0107 p\u0142yt\u0119 g\u0142\u00f3wn\u0105 .<br>Podana cena jest orientacyjn\u0105, zawarta w niej jest pe\u0142na diagnostyka oraz wst\u0119pny koszt naprawy.<\/p>\n\n\n\n<p>Podczas sk\u0142adania zam\u00f3wienie zostanie doliczony koszt wysy\u0142ki. Jest to koszt przesy\u0142ki zwrotnej urz\u0105dzenia &#8211; wi\u0119c trzeba wskaza\u0107 rodzaj w jaki spos\u00f3b chc\u0105 Pa\u0144stwo otrzyma\u0107 towar po naprawie.<\/p>\n\n\n\n<p><\/p>\n\n\n\n<p><br>W razie ch\u0119ci zlecenia diagnozy sprz\u0119tu w naszym serwisie nale\u017cy:<\/p>\n\n\n\n<div class=\"wp-block-buttons is-layout-flex wp-block-buttons-is-layout-flex\">\n<div class=\"wp-block-button\"><a class=\"wp-block-button__link wp-element-button\" href=\"https:\/\/fazamd.pl\/index.php\/kontakt\/\" target=\"_blank\" rel=\"noreferrer noopener\">Dostarczy\u0107 sprz\u0119t osobi\u015bcie do naszego punktu przyj\u0119\u0107 lub wys\u0142a\u0107 ..<\/a><\/div>\n<\/div>\n\n\n\n<p>Lub<\/p>\n\n\n\n<div class=\"wp-block-buttons is-layout-flex wp-block-buttons-is-layout-flex\">\n<div class=\"wp-block-button\"><a class=\"wp-block-button__link wp-element-button\" href=\"https:\/\/fazamd.pl\/sklep\/uslugi\/394-usluga-diagnoza-sprzetu.html\" target=\"_blank\" rel=\"noreferrer noopener\">Zakupi\u0107 us\u0142ug\u0119 diagnozy i op\u0142aci\u0107 w naszym sklepie<\/a><\/div>\n<\/div>\n\n\n\n<p><\/p>\n\n\n\n<p><\/p>\n\n\n\n<p>Zapraszamy!<\/p>\n\n\n\n<p><\/p>\n","protected":false},"excerpt":{"rendered":"<p>Je\u017celi nie chcesz od razu p\u0142aci\u0107 za napraw\u0119, lub nie jeste\u015b pewny czy warto inwestowa\u0107 w urz\u0105dzenie. Boisz si\u0119 wysokich koszt\u00f3w. Mo\u017cesz u nas zam\u00f3wi\u0107 us\u0142ug\u0119 diagnozy. Gwarantuje Ci to wycen\u0119 naprawy a przede wszystkim mo\u017cliwo\u015b\u0107 z niej zrezygnowania.Koszty jakie poniesiesz o wysy\u0142ka towaru oraz wiadomy od razu koszt diagnozy. W przypadku ch\u0119ci naprawy po<\/p>\n<div class=\"more-link\">\n\t\t\t\t <a href=\"https:\/\/fazamd.pl\/index.php\/diagnoza-usterki\/\" class=\"btn theme-btn\"><span>Czytaj dalej <\/span><i class=\"icofont-thin-double-right\"><\/i><\/a>\n\t\t\t<\/div>\n","protected":false},"author":1,"featured_media":0,"parent":0,"menu_order":0,"comment_status":"closed","ping_status":"closed","template":"","meta":{"footnotes":""},"class_list":["post-482","page","type-page","status-publish","hentry"],"_links":{"self":[{"href":"https:\/\/fazamd.pl\/index.php\/wp-json\/wp\/v2\/pages\/482","targetHints":{"allow":["GET"]}}],"collection":[{"href":"https:\/\/fazamd.pl\/index.php\/wp-json\/wp\/v2\/pages"}],"about":[{"href":"https:\/\/fazamd.pl\/index.php\/wp-json\/wp\/v2\/types\/page"}],"author":[{"embeddable":true,"href":"https:\/\/fazamd.pl\/index.php\/wp-json\/wp\/v2\/users\/1"}],"replies":[{"embeddable":true,"href":"https:\/\/fazamd.pl\/index.php\/wp-json\/wp\/v2\/comments?post=482"}],"version-history":[{"count":10,"href":"https:\/\/fazamd.pl\/index.php\/wp-json\/wp\/v2\/pages\/482\/revisions"}],"predecessor-version":[{"id":511,"href":"https:\/\/fazamd.pl\/index.php\/wp-json\/wp\/v2\/pages\/482\/revisions\/511"}],"wp:attachment":[{"href":"https:\/\/fazamd.pl\/index.php\/wp-json\/wp\/v2\/media?parent=482"}],"curies":[{"name":"wp","href":"https:\/\/api.w.org\/{rel}","templated":true}]}}