{"id":51,"date":"2022-04-13T09:50:43","date_gmt":"2022-04-13T09:50:43","guid":{"rendered":"https:\/\/fazamd.pl\/?page_id=51"},"modified":"2025-09-19T08:47:30","modified_gmt":"2025-09-19T08:47:30","slug":"naprawa-kierownic","status":"publish","type":"page","link":"https:\/\/fazamd.pl\/index.php\/naprawa-kierownic\/","title":{"rendered":"Naprawa kierownic : Logitech, Thrustmaster, Fanatec, Cammus, Moza oraz innych firm."},"content":{"rendered":"\n<h2 class=\"wp-block-heading\">Opis<\/h2>\n\n\n\n<p>Naprawa kierownic do symulator\u00f3w wy\u015bcigowych:<\/p>\n\n\n\n<p>Mamy du\u017ce do\u015bwiadczenie w zakresie napraw kierownic firmy Logitech, Thrustmaster, Fanatec, Cammus, Moza oraz innych producent\u00f3w. Usterki zwi\u0105zane z niedzia\u0142aj\u0105c\u0105 kierownic\u0105 nie zawsze oznaczaj\u0105 \u017ce od razu trzeba wymienia\u0107 ca\u0142\u0105 elektronik\u0119.<\/p>\n\n\n\n<p>Podana cena na naszym sklepie internetowym jest orientacyjn\u0105, zawarta w niej jest pe\u0142na diagnostyka oraz wst\u0119pny koszt naprawy. Je\u017celi naprawa zostanie w tej kwocie wykonana to nie dzwonimy z wycen\u0105.<\/p>\n\n\n\n<p>Wst\u0119pnie mo\u017cemy okre\u015bli\u0107 czy kierownice logitech nadaj\u0105 si\u0119 do naprawy;<br>Po pod\u0142\u0105czeniu urz\u0105dzenia do komputera powinien by\u0107 s\u0142yszalny d\u017awi\u0119k pod\u0142\u0105czanego urz\u0105dzenia USB, lub powinna by\u0107 wykrywana w systemie (dotyczy kierownic G25, G27 i G29). Zasilacz zewn\u0119trzny nie jest wymagany. Kierownica  G920 musi by\u0107 poprawne po\u0142\u0105czenie z ko\u0142em kierownicy w przeciwnym wypadku nie zostanie wykryta przez PC (wiec za usterk\u0119 mo\u017ce odpowiada\u0107 &#8222;ta\u015bma&#8221; transmisyjna lub p\u0142yta w kole kierownicy. <\/p>\n\n\n\n<p>Je\u017celi wy\u017cej wymieniona sytuacja wyst\u0119puje to sprz\u0119t powinien da\u0107 si\u0119 uratowa\u0107, bez konieczno\u015bci wymiany procesora (p\u0142yty g\u0142\u00f3wnej) kt\u00f3ra jest ju\u017c do\u015b\u0107 droga.<\/p>\n\n\n\n<p>W razie ch\u0119ci naprawy w naszym serwisie nale\u017cy:<\/p>\n\n\n\n<p><\/p>\n\n\n\n<div class=\"wp-block-buttons is-layout-flex wp-block-buttons-is-layout-flex\">\n<div class=\"wp-block-button\"><a class=\"wp-block-button__link wp-element-button\" href=\"https:\/\/fazamd.pl\/index.php\/kontakt\/\" target=\"_blank\" rel=\"noreferrer noopener\">Dostarczy\u0107 sprz\u0119t osobi\u015bcie do naszego punktu przyj\u0119\u0107 lub wys\u0142a\u0107 ..<\/a><\/div>\n<\/div>\n\n\n\n<p>Lub<\/p>\n\n\n\n<div class=\"wp-block-buttons is-layout-flex wp-block-buttons-is-layout-flex\">\n<div class=\"wp-block-button\"><a class=\"wp-block-button__link wp-element-button\" href=\"https:\/\/fazamd.pl\/sklep\/uslugi\/428-usluga-naprawa-kierownicy-pc-xbox-ps.html\" target=\"_blank\" rel=\"noreferrer noopener\">Zakupi\u0107 us\u0142ug\u0119 naprawy i op\u0142aci\u0107 w naszym sklepie<\/a><\/div>\n<\/div>\n\n\n\n<p><\/p>\n\n\n\n<p>Zapraszamy!<\/p>\n\n\n\n<p><\/p>\n","protected":false},"excerpt":{"rendered":"<p>Opis Naprawa kierownic do symulator\u00f3w wy\u015bcigowych: Mamy du\u017ce do\u015bwiadczenie w zakresie napraw kierownic firmy Logitech, Thrustmaster, Fanatec, Cammus, Moza oraz innych producent\u00f3w. Usterki zwi\u0105zane z niedzia\u0142aj\u0105c\u0105 kierownic\u0105 nie zawsze oznaczaj\u0105 \u017ce od razu trzeba wymienia\u0107 ca\u0142\u0105 elektronik\u0119. Podana cena na naszym sklepie internetowym jest orientacyjn\u0105, zawarta w niej jest pe\u0142na diagnostyka oraz wst\u0119pny koszt naprawy.<\/p>\n<div class=\"more-link\">\n\t\t\t\t <a href=\"https:\/\/fazamd.pl\/index.php\/naprawa-kierownic\/\" class=\"btn theme-btn\"><span>Czytaj dalej <\/span><i class=\"icofont-thin-double-right\"><\/i><\/a>\n\t\t\t<\/div>\n","protected":false},"author":1,"featured_media":0,"parent":0,"menu_order":0,"comment_status":"closed","ping_status":"closed","template":"","meta":{"footnotes":""},"class_list":["post-51","page","type-page","status-publish","hentry"],"_links":{"self":[{"href":"https:\/\/fazamd.pl\/index.php\/wp-json\/wp\/v2\/pages\/51","targetHints":{"allow":["GET"]}}],"collection":[{"href":"https:\/\/fazamd.pl\/index.php\/wp-json\/wp\/v2\/pages"}],"about":[{"href":"https:\/\/fazamd.pl\/index.php\/wp-json\/wp\/v2\/types\/page"}],"author":[{"embeddable":true,"href":"https:\/\/fazamd.pl\/index.php\/wp-json\/wp\/v2\/users\/1"}],"replies":[{"embeddable":true,"href":"https:\/\/fazamd.pl\/index.php\/wp-json\/wp\/v2\/comments?post=51"}],"version-history":[{"count":36,"href":"https:\/\/fazamd.pl\/index.php\/wp-json\/wp\/v2\/pages\/51\/revisions"}],"predecessor-version":[{"id":565,"href":"https:\/\/fazamd.pl\/index.php\/wp-json\/wp\/v2\/pages\/51\/revisions\/565"}],"wp:attachment":[{"href":"https:\/\/fazamd.pl\/index.php\/wp-json\/wp\/v2\/media?parent=51"}],"curies":[{"name":"wp","href":"https:\/\/api.w.org\/{rel}","templated":true}]}}