{"id":52,"date":"2022-04-13T09:50:43","date_gmt":"2022-04-13T09:50:43","guid":{"rendered":"https:\/\/fazamd.pl\/?page_id=52"},"modified":"2025-09-07T18:23:04","modified_gmt":"2025-09-07T18:23:04","slug":"komputerow","status":"publish","type":"page","link":"https:\/\/fazamd.pl\/index.php\/komputerow\/","title":{"rendered":"Naprawa komputer\u00f3w : Wszystkie rodzaje uszkodze\u0144, modernizacja oraz rozbudow\u0119  sprz\u0119tow\u0105"},"content":{"rendered":"\n<h2 class=\"wp-block-heading\">Opis<\/h2>\n\n\n\n<p>Mamy du\u017ce do\u015bwiadczenie naprawy komputer\u00f3w typu PC. Mamy wi\u0119kszo\u015b\u0107 podzespo\u0142\u00f3w potrzebnych do diagnostyki , pami\u0119ci, p\u0142yt g\u0142\u00f3wne. procesory wielu generacji .<\/p>\n\n\n\n<p><br>Jest r\u00f3wnie\u017c mo\u017cliwo\u015b\u0107 zlecenia nam konfiguracji nowego komputer na dowolnej platformie.<\/p>\n\n\n\n<p>Wykonujemy naprawy, modernizacj\u0119 i kompletnie nowe zestawy. <\/p>\n\n\n\n<p>W razie ch\u0119ci naprawy w naszym serwisie nale\u017cy:<\/p>\n\n\n\n<p><\/p>\n\n\n\n<div class=\"wp-block-buttons is-layout-flex wp-block-buttons-is-layout-flex\">\n<div class=\"wp-block-button\"><a class=\"wp-block-button__link wp-element-button\" href=\"https:\/\/fazamd.pl\/index.php\/kontakt\/\" target=\"_blank\" rel=\"noreferrer noopener\">Dostarczy\u0107 sprz\u0119t osobi\u015bcie do naszego punktu przyj\u0119\u0107 lub wys\u0142a\u0107 ..<\/a><\/div>\n<\/div>\n\n\n\n<p>Lub<\/p>\n\n\n\n<div class=\"wp-block-buttons is-layout-flex wp-block-buttons-is-layout-flex\">\n<div class=\"wp-block-button\"><a class=\"wp-block-button__link wp-element-button\" href=\"https:\/\/fazamd.pl\/sklep\/uslugi\/553-naprawa-sprzetu-.html\" target=\"_blank\" rel=\"noreferrer noopener\">Zakupi\u0107 us\u0142ug\u0119 naprawy i op\u0142aci\u0107 w naszym sklepie<\/a><\/div>\n<\/div>\n\n\n\n<p><\/p>\n\n\n\n<p><\/p>\n\n\n\n<p>Zapraszamy!<\/p>\n\n\n\n<p><\/p>\n","protected":false},"excerpt":{"rendered":"<p>Opis Mamy du\u017ce do\u015bwiadczenie naprawy komputer\u00f3w typu PC. Mamy wi\u0119kszo\u015b\u0107 podzespo\u0142\u00f3w potrzebnych do diagnostyki , pami\u0119ci, p\u0142yt g\u0142\u00f3wne. procesory wielu generacji . Jest r\u00f3wnie\u017c mo\u017cliwo\u015b\u0107 zlecenia nam konfiguracji nowego komputer na dowolnej platformie. Wykonujemy naprawy, modernizacj\u0119 i kompletnie nowe zestawy. W razie ch\u0119ci naprawy w naszym serwisie nale\u017cy: Lub Zapraszamy!<\/p>\n","protected":false},"author":1,"featured_media":0,"parent":0,"menu_order":0,"comment_status":"closed","ping_status":"closed","template":"","meta":{"footnotes":""},"class_list":["post-52","page","type-page","status-publish","hentry"],"_links":{"self":[{"href":"https:\/\/fazamd.pl\/index.php\/wp-json\/wp\/v2\/pages\/52","targetHints":{"allow":["GET"]}}],"collection":[{"href":"https:\/\/fazamd.pl\/index.php\/wp-json\/wp\/v2\/pages"}],"about":[{"href":"https:\/\/fazamd.pl\/index.php\/wp-json\/wp\/v2\/types\/page"}],"author":[{"embeddable":true,"href":"https:\/\/fazamd.pl\/index.php\/wp-json\/wp\/v2\/users\/1"}],"replies":[{"embeddable":true,"href":"https:\/\/fazamd.pl\/index.php\/wp-json\/wp\/v2\/comments?post=52"}],"version-history":[{"count":20,"href":"https:\/\/fazamd.pl\/index.php\/wp-json\/wp\/v2\/pages\/52\/revisions"}],"predecessor-version":[{"id":522,"href":"https:\/\/fazamd.pl\/index.php\/wp-json\/wp\/v2\/pages\/52\/revisions\/522"}],"wp:attachment":[{"href":"https:\/\/fazamd.pl\/index.php\/wp-json\/wp\/v2\/media?parent=52"}],"curies":[{"name":"wp","href":"https:\/\/api.w.org\/{rel}","templated":true}]}}