{"id":63,"date":"2022-04-13T09:55:19","date_gmt":"2022-04-13T09:55:19","guid":{"rendered":"https:\/\/fazamd.pl\/?page_id=63"},"modified":"2022-04-15T08:50:25","modified_gmt":"2022-04-15T08:50:25","slug":"kamer-przemyslowych","status":"publish","type":"page","link":"https:\/\/fazamd.pl\/index.php\/kamer-przemyslowych\/","title":{"rendered":"Kamery przemys\u0142owe oraz konserwsacja"},"content":{"rendered":"\n<p class=\"has-text-align-left\">W dzisiejszych czasach systemy kamer coraz cz\u0119\u015bciej stosowane s\u0105 nie tylko w biurowcach, firmach cz szko\u0142ach ale r\u00f3wnie\u017c w prywatnych domach. <\/p>\n\n\n\n<p class=\"has-text-align-left\">Ka\u017cdy z nas chcia\u0142by mie\u0107 mo\u017cliwo\u015b\u0107 zabezpieczenia swojego dobytku w spos\u00f3b jak najdoskonalszy.<br>A je\u017celi przy okazji jest w stanie podgl\u0105dn\u0105\u0107 w czasie rzeczywistym co dzieje si\u0119 w oku\u0142 domu czy &#8222;u nas&#8221; te\u017c tak pada i wieje to by\u0142o by wspaniale!<\/p>\n\n\n\n<p>W tym w\u0142a\u015bnie kierunku rozwija si\u0119 systemy monitoringu. I niestety niebezpiecze\u0144stwo ze \u017ale wydanie  pieni\u0119dzy, r\u00f3wnie\u017c wzrasta.  Zakup kamer na portalach sprzeda\u017cowych jest bardzo niejasny i trudny. Mo\u017cemy wyda\u0107 pieni\u0105dze na urz\u0105dzenie przestarza\u0142e w cz\u0119sto &#8222;okazyjnej&#8221; cenie lub bardzo niskiej jako\u015b\u0107 obrazu, kt\u00f3ry odbiega o lata \u015bwietlne od tych co widzimy w starych serialach czy filmach (tu cz\u0119sto jest SF, powi\u0119kszanie obrazu 1000 krotnie i rozpoznanie twarzy z odbicia w autokarze).<\/p>\n\n\n\n<p>Tu przedstawimy par\u0119 wskaz\u00f3wek na kt\u00f3re warto zwr\u00f3ci\u0107 przy zakpi\u0119 na w\u0142asn\u0105 r\u0119k\u0119 sprz\u0119tu:<\/p>\n\n\n\n<ul class=\"wp-block-list\"><li><strong>Kamery bezprzewodowe<\/strong> &#8211; nie ma urz\u0105dze\u0144 ca\u0142kowicie bezprzewodowych. Oznacza to \u017ce nawet jak kamera jest na Wi-Fi to \u017ceby dzia\u0142a\u0142a d\u0142ugie godziny to trzeba do niej doprowadzi\u0107 instalacj\u0119 elektryczn\u0105. Dodatkowo takie kamery \u0142atwo zak\u0142\u00f3ci\u0107 tak aby nie rejestrowa\u0142y. Sam monta\u017c  i konfiguracj\u0119 b\u0119dzie r\u00f3\u017cna lub niemo\u017cliwa z powod\u00f3w przenikanie sieci Wi-Fi przez \u015bciany budynku itp. Je\u017celi musimy doprowadzi\u0107 przew\u00f3d elektryczny to mo\u017ce lepiej kupi\u0107 inna, przewodow\u0105 kamer\u0119 i doprowadzi\u0107 przew\u00f3d UPT ( komputerowy). Na pewno wyjdzie taniej i lepiej, bo bezawaryjnie.<br><br><\/li><li><strong>Zestawy kamerek na portalach sprzeda\u017cowych<\/strong> &#8211; tu warto zwr\u00f3ci\u0107 uwag\u0119 \u017ce sprz\u0119t nawet w monitoringu przemys\u0142owym zmienia si\u0119 i technika przesy\u0142ania i jako\u015b\u0107 sygna\u0142u w ostatnich 5 latach (mamy 2022) zmieni\u0142a si\u0119 kilkukrotnie. Mo\u017cemy wyszczeg\u00f3lni\u0107 kamery analogowe, cyfrowe dzia\u0142aj\u0105ce nawet po &#8222;starej&#8221; instalacji (hdtvi \/ hdcvi \/ ahd \/ cvbs i inne), oraz kamery IP.<br>Kolejnym parametrem w ka\u017cdych z tych dziwnych oznacze\u0144, to s\u0105 mo\u017cliwo\u015bci jaka daje kamera (wysy\u0142any obraz ) a rejestrator ( jaki obraz przechwyci i z jak\u0105 jako\u015bci\u0105 nagra na dysk) . <br><br>Wszystko co napisa\u0142em oznacza \u017ce mo\u017cna si\u0119 pogubi\u0107 co nam sprzedaj\u0105 i najcz\u0119\u015bciej jest to ju\u017c przestarza\u0142a technologia lub nawet nie kompatybilna mi\u0119dzy urz\u0105dzeniami sprzedawanymi.<br><br><\/li><li><strong>Monta\u017c <\/strong> &#8211; Przy zakupie na w\u0142asn\u0105 r\u0119k\u0119 sprz\u0119tu trzeba si\u0119 spodziewa\u0107 braku wsparcia przy monta\u017cu firm zewn\u0119trznych a nawet sprzedawcy. Trzeba si\u0119 samemu boryka\u0107 z problemami instalacyjnymi jak i uruchomienie pierwszorazowym. Przestrzegam osoby ma\u0142o bieg\u0142e w tematach elektrycznych i informatycznych. Kamerki trzeba konfigurowa\u0107 do pracy w sieciach Wi-Fi wi\u0119c trzeba mie\u0107 chocia\u017c podstawowe informacj\u0119 na te tematy. Czasem urz\u0105dzenie nawet nie maj\u0105 instrukcji, a jak maj\u0105 to nie w odpowiednim j\u0119zyku. Czasem sprzedawca pomo\u017ce, ale cz\u0119sto oni wiedz\u0105 mniej ni\u017c osoby kupuj\u0105ce sprz\u0119t. <\/li><\/ul>\n\n\n\n<p><\/p>\n","protected":false},"excerpt":{"rendered":"<p>W dzisiejszych czasach systemy kamer coraz cz\u0119\u015bciej stosowane s\u0105 nie tylko w biurowcach, firmach cz szko\u0142ach ale r\u00f3wnie\u017c w prywatnych domach. Ka\u017cdy z nas chcia\u0142by mie\u0107 mo\u017cliwo\u015b\u0107 zabezpieczenia swojego dobytku w spos\u00f3b jak najdoskonalszy.A je\u017celi przy okazji jest w stanie podgl\u0105dn\u0105\u0107 w czasie rzeczywistym co dzieje si\u0119 w oku\u0142 domu czy &#8222;u nas&#8221; te\u017c tak<\/p>\n<div class=\"more-link\">\n\t\t\t\t <a href=\"https:\/\/fazamd.pl\/index.php\/kamer-przemyslowych\/\" class=\"btn theme-btn\"><span>Czytaj dalej <\/span><i class=\"icofont-thin-double-right\"><\/i><\/a>\n\t\t\t<\/div>\n","protected":false},"author":1,"featured_media":0,"parent":0,"menu_order":0,"comment_status":"closed","ping_status":"closed","template":"","meta":{"footnotes":""},"class_list":["post-63","page","type-page","status-publish","hentry"],"_links":{"self":[{"href":"https:\/\/fazamd.pl\/index.php\/wp-json\/wp\/v2\/pages\/63","targetHints":{"allow":["GET"]}}],"collection":[{"href":"https:\/\/fazamd.pl\/index.php\/wp-json\/wp\/v2\/pages"}],"about":[{"href":"https:\/\/fazamd.pl\/index.php\/wp-json\/wp\/v2\/types\/page"}],"author":[{"embeddable":true,"href":"https:\/\/fazamd.pl\/index.php\/wp-json\/wp\/v2\/users\/1"}],"replies":[{"embeddable":true,"href":"https:\/\/fazamd.pl\/index.php\/wp-json\/wp\/v2\/comments?post=63"}],"version-history":[{"count":16,"href":"https:\/\/fazamd.pl\/index.php\/wp-json\/wp\/v2\/pages\/63\/revisions"}],"predecessor-version":[{"id":215,"href":"https:\/\/fazamd.pl\/index.php\/wp-json\/wp\/v2\/pages\/63\/revisions\/215"}],"wp:attachment":[{"href":"https:\/\/fazamd.pl\/index.php\/wp-json\/wp\/v2\/media?parent=63"}],"curies":[{"name":"wp","href":"https:\/\/api.w.org\/{rel}","templated":true}]}}