{"id":84,"date":"2022-04-13T10:19:12","date_gmt":"2022-04-13T10:19:12","guid":{"rendered":"https:\/\/fazamd.pl\/?page_id=84"},"modified":"2022-04-13T12:25:24","modified_gmt":"2022-04-13T12:25:24","slug":"pomoc","status":"publish","type":"page","link":"https:\/\/fazamd.pl\/index.php\/pomoc\/","title":{"rendered":"Odpowiedzi na najcz\u0119stsze pytania dotycz\u0105ce napraw:"},"content":{"rendered":"\n<p><span style=\"text-decoration: underline;\"><br><strong>Urz\u0105dzenie elektroniczne zosta\u0142o zalane p\u0142ynem!! Co mam zrobi\u0107??<\/strong><\/span><\/p>\n\n\n\n<ul class=\"wp-block-list\"><li>Jak najszybciej nale\u017cy taki sprz\u0119t od\u0142\u0105czy\u0107 &nbsp;od wszystkich \u017ar\u00f3de\u0142 zasilania (sie\u0107 elektryczna, \u0142adowarka, zasilacz, wewn\u0119trzne \u017ar\u00f3d\u0142o zasilania).<\/li><li>Pod \u017cadnym pozorem nie uruchamia\u0107 takiego urz\u0105dzenia, nawet po d\u0142u\u017cszym okresie oczekiwanie lub wysuszeniu zewn\u0119trznym (chyba \u017ce mamy 100% pewno\u015b\u0107 \u017ce p\u0142yn nie dosta\u0142 si\u0119 do wewn\u0105trz urz\u0105dzenia. Nale\u017cy pami\u0119ta\u0107, \u017ce notebooki nie s\u0105 szczelne i przez otwory pomi\u0119dzy klawiszami lub otworami wentylacyjnymi jak r\u00f3wnie\u017c po przez gniazda typu USB, \u0142adowania, HDMI itp. P\u0142yn z \u0142atwo\u015bci\u0105 si\u0119 przedostanie.<\/li><li>Jak najszybciej dostarczy\u0107 do serwisu w celu otwarcia urz\u0105dzenia oraz dokonania niezb\u0119dnych napraw w najkr\u00f3tszym czasie. Tu zwr\u00f3c\u0119 uwag\u0119 \u017ce samo wysuszenie nie jest wystarczaj\u0105ce. Po zalaniu p\u0142ynami nale\u017cy tak\u0105 p\u0142yt\u0119 PCB umy\u0107 z pozosta\u0142o\u015b\u0107 po odparowaniu, oraz elementy nara\u017cone na d\u0142u\u017cszy kontakt z ciecz\u0105 z regenerowa\u0107, \u017ceby zapobiec dalszej korozji cyny i laminatu.<br>Chc\u0119 odda\u0107 sprz\u0119t do serwisu. Jak go przygotowa\u0107 aby nie mie\u0107 p\u00f3\u017aniej problem\u00f3w?<\/li><\/ul>\n\n\n\n<p><span style=\"text-decoration: underline;\"><strong>Je\u017celi sprz\u0119t oddawany jest w celu naprawy lub re-instalacji oprogramowania nale\u017cy:<\/strong><\/span><\/p>\n\n\n\n<ul class=\"wp-block-list\"><li>Sporz\u0105dzi\u0107 kopi\u0119 zapasow\u0105 wa\u017cnych danych (zdj\u0119cia, filmy, dokumenty, bazy danych program\u00f3w) na innej partycji ni\u017c systemowa lub no\u015bniku zewn\u0119trznym.<\/li><li>Je\u017celi nie posiadamy takich umiej\u0119tno\u015b\u0107 nale\u017cy wskaza\u0107 podczas przyj\u0119cia do serwisu gdzie takie dane si\u0119 znajduj\u0105 (pulpit, moje dokumenty, w katalogu programu do edycji zdj\u0119\u0107) oraz kt\u00f3re programy nale\u017cy z archiwizowa\u0107.<\/li><li>Brak takich informacji lub przeoczenie istniej\u0105cych miejsc pobytu plik\u00f3w, wi\u0105\u017ce si\u0119 z nieodwracaln\u0105 utrat\u0105 tych danych, za kt\u00f3rych brak serwis nie odpowiada.<\/li><\/ul>\n\n\n\n<ul class=\"wp-block-list\"><li>Je\u017celi sprz\u0119t posiada jak\u0105\u015b usterk\u0119 techniczn\u0105 typu problem z poprawnym dzia\u0142aniem, na przyk\u0142ad zawieszanie si\u0119, resetuje, wolno pracuje,<br><ul><li>Nale\u017cy podczas przyj\u0119cia do serwisu wskaza\u0107 jakie wyst\u0119puj\u0105 problemy z urz\u0105dzeniem. Cz\u0119stotliwo\u015b\u0107 ich wyst\u0119powania. Przy jakich czynno\u015bciach najcz\u0119\u015bciej wyst\u0119puj\u0105 np. podczas przegl\u0105dania Internetu, podczas ogl\u0105dania film\u00f3w lub innych czynno\u015bci.<br><br><\/li><\/ul><\/li><\/ul>\n\n\n\n<p><strong><span style=\"text-decoration: underline;\">M\u00f3j komputer si\u0119 nie uruchamia! Co mog\u0119 z tym zrobi\u0107? Wyst\u0119puje pi\u0119\u0107 definicji znaczenia zdania \u201ekomputer si\u0119 nie uruchamia\u201d<\/span><\/strong><\/p>\n\n\n\n<ol class=\"wp-block-list\"><li>Po w\u0142\u0105czaniu zasilania i przyci\u015bni\u0119ciu przycisku nie wyst\u0119puje \u017cadna reakcja ( g\u0142\u00f3wna definicja tego zdania)<ul><li>nale\u017cy sprawdzi\u0107 czy na pewno mamy poprawnie w\u0142\u0105czone zasilanie<\/li><li>czy nasza \u0142adowarka (przy laptopach) nie jest uszkodzona wizualnie i je\u015bli mamy mo\u017cliwo\u015b\u0107 to sprawdzi\u0107 &nbsp;czy dzia\u0142a (mo\u017cna spr\u00f3bowa\u0107 w innym urz\u0105dzeniu pod warunkiem tych samych parametr\u00f3w tj. takiego samego napi\u0119cia przewa\u017cnie 19v . Oraz istotniej biegunowo\u015bci wtyczki).<\/li><li>nast\u0119pnie wypi\u0105\u0107 wszystkie \u017ar\u00f3d\u0142a zasilania typu sie\u0107, \u0142adowarka, wewn\u0119trzna bateria. W takim stanie odczeka\u0107 kilka minut oraz pr\u00f3bowa\u0107 w\u0142\u0105czy\u0107 urz\u0105dzenie bez pod\u0142\u0105czania do pr\u0105du ( taki zabieg uwalnia \u0142adunki z uk\u0142adu zasilania i odwiesza sprz\u0119towo urz\u0105dzenie, oczywi\u015bcie je\u017celi w tym tkwi problem). A nast\u0119pnie pod\u0142\u0105czy\u0107 do zasilania i spr\u00f3bowa\u0107 uruchomi\u0107 sprz\u0119t.<\/li><li>Je\u017celi wy\u017cej wymienione zabiegi nie pomog\u0105, nale\u017cy dostarczy\u0107 urz\u0105dzenie do serwisu.<br><\/li><\/ul><\/li><li>Po w\u0142\u0105czaniu zasilania i przyci\u015bni\u0119ciu przycisku. Komputer si\u0119 uruchamia s\u0142ycha\u0107 prac\u0119 wentylator\u00f3w,&nbsp;za\u015bwiecaj\u0105 si\u0119 &nbsp;kontroli i na tym poprzestaje, brak obrazu na matrycy lub monitorze (sprz\u0119t nie \u201ewstaje\u201d)<ul><li>tu procedura taka sama jak w punkcie 1 tyle ze bez pierwszego i drugiego podpunktu.<br><\/li><\/ul><\/li><li>Po w\u0142\u0105czaniu zasilania i przyci\u015bni\u0119ciu przycisku komputer wy\u015bwietla obraz ale:<ul><li>Nie \u0142aduje si\u0119 system operacyjny \u2013 &nbsp;prawdopodobnie uszkodzeniu uleg\u0142o samo oprogramowanie, dysk twardy lub jego kontroler<\/li><li>Nie uruchamia si\u0119 system, ale wyst\u0119puje jego \u0142adowanie po czym si\u0119 zawiesza si\u0119 lub resetuje \u2013 mo\u017cliw\u0105 usterk\u0105 jest wina samego oprogramowania lub jego zainfekowania, ewentualnie uszkodzony kt\u00f3ry\u015b z podzespo\u0142\u00f3w typu pami\u0119\u0107, karta Wifi lub karta graficzna.<br><br>Tu nie wyst\u0119puje mo\u017cliwo\u015b\u0107 naprawy w w\u0142asnym zakresie, sprz\u0119t nale\u017cy dostarczy\u0107 do serwisu.<\/li><\/ul><\/li><\/ol>\n","protected":false},"excerpt":{"rendered":"<p>Urz\u0105dzenie elektroniczne zosta\u0142o zalane p\u0142ynem!! Co mam zrobi\u0107?? Jak najszybciej nale\u017cy taki sprz\u0119t od\u0142\u0105czy\u0107 &nbsp;od wszystkich \u017ar\u00f3de\u0142 zasilania (sie\u0107 elektryczna, \u0142adowarka, zasilacz, wewn\u0119trzne \u017ar\u00f3d\u0142o zasilania). Pod \u017cadnym pozorem nie uruchamia\u0107 takiego urz\u0105dzenia, nawet po d\u0142u\u017cszym okresie oczekiwanie lub wysuszeniu zewn\u0119trznym (chyba \u017ce mamy 100% pewno\u015b\u0107 \u017ce p\u0142yn nie dosta\u0142 si\u0119 do wewn\u0105trz urz\u0105dzenia. Nale\u017cy pami\u0119ta\u0107,<\/p>\n<div class=\"more-link\">\n\t\t\t\t <a href=\"https:\/\/fazamd.pl\/index.php\/pomoc\/\" class=\"btn theme-btn\"><span>Czytaj dalej <\/span><i class=\"icofont-thin-double-right\"><\/i><\/a>\n\t\t\t<\/div>\n","protected":false},"author":1,"featured_media":0,"parent":0,"menu_order":0,"comment_status":"closed","ping_status":"closed","template":"","meta":{"footnotes":""},"class_list":["post-84","page","type-page","status-publish","hentry"],"_links":{"self":[{"href":"https:\/\/fazamd.pl\/index.php\/wp-json\/wp\/v2\/pages\/84","targetHints":{"allow":["GET"]}}],"collection":[{"href":"https:\/\/fazamd.pl\/index.php\/wp-json\/wp\/v2\/pages"}],"about":[{"href":"https:\/\/fazamd.pl\/index.php\/wp-json\/wp\/v2\/types\/page"}],"author":[{"embeddable":true,"href":"https:\/\/fazamd.pl\/index.php\/wp-json\/wp\/v2\/users\/1"}],"replies":[{"embeddable":true,"href":"https:\/\/fazamd.pl\/index.php\/wp-json\/wp\/v2\/comments?post=84"}],"version-history":[{"count":6,"href":"https:\/\/fazamd.pl\/index.php\/wp-json\/wp\/v2\/pages\/84\/revisions"}],"predecessor-version":[{"id":163,"href":"https:\/\/fazamd.pl\/index.php\/wp-json\/wp\/v2\/pages\/84\/revisions\/163"}],"wp:attachment":[{"href":"https:\/\/fazamd.pl\/index.php\/wp-json\/wp\/v2\/media?parent=84"}],"curies":[{"name":"wp","href":"https:\/\/api.w.org\/{rel}","templated":true}]}}